{"id":199,"date":"2018-02-28T07:02:35","date_gmt":"2018-02-28T07:02:35","guid":{"rendered":"http:\/\/offshorethemes.com\/demo\/sparkconstruction\/?page_id=199"},"modified":"2024-03-03T08:36:04","modified_gmt":"2024-03-03T08:36:04","slug":"about-us","status":"publish","type":"page","link":"https:\/\/ghbonlinestore.com\/de\/about-us\/","title":{"rendered":"About Us"},"content":{"rendered":"<section class=\"wpb-content-wrapper\"><div class=\"vc_row wpb_row vc_row-fluid vc_custom_1694629827634\"><div class=\"wpb_column vc_column_container vc_col-sm-12\"><div class=\"vc_column-inner\"><div class=\"wpb_wrapper\">\n\t<div class=\"wpb_text_column wpb_content_element\" >\n\t\t<div class=\"wpb_wrapper\">\n\t\t\t<div class=\"entry-content\">\n<div class=\"entry-content\">\n<p>Wir sind #1 Pharmaceutical Grade und Legal Highs Anbieter im Internet.<\/p>\n<p>Our main focus is on providing a wholesale service in which <a href=\"https:\/\/ghbonlinestore.com\/de\/\">we produce and supply GHB<\/a>.<\/p>\n<p>Unser Shop hat nicht die Absicht, den Gebrauch von illegalen oder kontrollierten Substanzen zu f\u00f6rdern oder dazu anzustiften. Wir weisen ausdr\u00fccklich darauf hin, dass wir nicht f\u00fcr die zuk\u00fcnftigen Handlungen derjenigen verantwortlich gemacht werden k\u00f6nnen, die Produkte von dieser Seite kaufen.<\/p>\n<p>Unser Ziel ist es, die umfassendste Auswahl an erstklassigen Forschungschemikalien und -salzen sowie einen hervorragenden Kundenservice anzubieten. Wir sind der festen \u00dcberzeugung, dass die Zufriedenheit unserer Kunden f\u00fcr den Erfolg unseres Unternehmens von entscheidender Bedeutung ist, und deshalb bem\u00fchen wir uns nach Kr\u00e4ften, unsere Kunden in jeder Hinsicht zu unterst\u00fctzen. Wir sind st\u00e4ndig bestrebt, in der Branche f\u00fchrend zu sein, wenn es um Innovationen geht, und wir sind stets offen f\u00fcr neue Ideen und neue Gesch\u00e4ftsans\u00e4tze, ohne dabei die Grundwerte zu vergessen, auf denen wir aufgebaut sind.<\/p>\n<p>Wir glauben daran, dass wir ein <strong>ehrlich<\/strong> und <strong>Messe<\/strong> Unternehmen und setzen alles daran, dies in unserem Handeln zu demonstrieren, indem wir ethisch verantwortungsbewusste Kunden und Partner ausw\u00e4hlen und sie \u00fcber jeden Aspekt unserer Produktlinien aufkl\u00e4ren.<\/p>\n<p><strong>Wir beliefern in erster Linie Chemiebegeisterte, Chemiestudenten, freiberufliche Forscher und eine Reihe von Bildungseinrichtungen in den USA und der EU.  Alle unsere Produkte sind ausschlie\u00dflich f\u00fcr den Laborgebrauch bestimmt und nicht f\u00fcr den menschlichen Verzehr zugelassen.<\/strong><\/p>\n<p>Bei Fragen oder Unklarheiten k\u00f6nnen Sie <a href=\"https:\/\/ghbonlinestore.com\/de\/contact\/\">Kontaktieren Sie uns<\/a> direkt.<\/p>\n<\/div>\n<\/div>\n\n\t\t<\/div>\n\t<\/div>\n<\/div><\/div><\/div><\/div>\n<\/section>","protected":false},"excerpt":{"rendered":"We are #1 Pharmaceutical Grade and legal highs vendor on the web. Our main focus is on providing a wholesale service in which we produce&hellip;","protected":false},"author":1,"featured_media":855,"parent":0,"menu_order":0,"comment_status":"closed","ping_status":"closed","template":"template-pagebuilder.php","meta":{"_joinchat":[],"footnotes":""},"class_list":["post-199","page","type-page","status-publish","has-post-thumbnail","hentry"],"yoast_head":"<!-- This site is optimized with the Yoast SEO plugin v27.2 - https:\/\/yoast.com\/product\/yoast-seo-wordpress\/ -->\n<title>About Us - GHB Online Store<\/title>\n<meta name=\"description\" content=\"About us - Our main focus is on providing a wholesale service in which we produce and supply GHB. Contact us now.\" \/>\n<meta name=\"robots\" content=\"index, follow, max-snippet:-1, max-image-preview:large, max-video-preview:-1\" \/>\n<link rel=\"canonical\" href=\"https:\/\/ghbonlinestore.com\/de\/about-us\/\" \/>\n<meta property=\"og:locale\" content=\"de_DE\" \/>\n<meta property=\"og:type\" content=\"article\" \/>\n<meta property=\"og:title\" content=\"About Us - GHB Online Store\" \/>\n<meta property=\"og:description\" content=\"About us - Our main focus is on providing a wholesale service in which we produce and supply GHB. Contact us now.\" \/>\n<meta property=\"og:url\" content=\"https:\/\/ghbonlinestore.com\/de\/about-us\/\" \/>\n<meta property=\"og:site_name\" content=\"GHB Online Store\" \/>\n<meta property=\"article:modified_time\" content=\"2024-03-03T08:36:04+00:00\" \/>\n<meta property=\"og:image\" content=\"https:\/\/ghbonlinestore.com\/wp-content\/uploads\/2023\/09\/Buy-GHB-Powder.png\" \/>\n\t<meta property=\"og:image:width\" content=\"1200\" \/>\n\t<meta property=\"og:image:height\" content=\"800\" \/>\n\t<meta property=\"og:image:type\" content=\"image\/png\" \/>\n<meta name=\"twitter:card\" content=\"summary_large_image\" \/>\n<meta name=\"twitter:label1\" content=\"Gesch\u00e4tzte Lesezeit\" \/>\n\t<meta name=\"twitter:data1\" content=\"2 Minuten\" \/>\n<script type=\"application\/ld+json\" class=\"yoast-schema-graph\">{\"@context\":\"https:\/\/schema.org\",\"@graph\":[{\"@type\":\"WebPage\",\"@id\":\"https:\/\/ghbonlinestore.com\/about-us\/\",\"url\":\"https:\/\/ghbonlinestore.com\/about-us\/\",\"name\":\"About Us - GHB Online Store\",\"isPartOf\":{\"@id\":\"https:\/\/ghbonlinestore.com\/#website\"},\"primaryImageOfPage\":{\"@id\":\"https:\/\/ghbonlinestore.com\/about-us\/#primaryimage\"},\"image\":{\"@id\":\"https:\/\/ghbonlinestore.com\/about-us\/#primaryimage\"},\"thumbnailUrl\":\"https:\/\/ghbonlinestore.com\/wp-content\/uploads\/2023\/09\/Buy-GHB-Powder.png\",\"datePublished\":\"2018-02-28T07:02:35+00:00\",\"dateModified\":\"2024-03-03T08:36:04+00:00\",\"description\":\"About us - Our main focus is on providing a wholesale service in which we produce and supply GHB. Contact us now.\",\"breadcrumb\":{\"@id\":\"https:\/\/ghbonlinestore.com\/about-us\/#breadcrumb\"},\"inLanguage\":\"de-AT\",\"potentialAction\":[{\"@type\":\"ReadAction\",\"target\":[\"https:\/\/ghbonlinestore.com\/about-us\/\"]}]},{\"@type\":\"ImageObject\",\"inLanguage\":\"de-AT\",\"@id\":\"https:\/\/ghbonlinestore.com\/about-us\/#primaryimage\",\"url\":\"https:\/\/ghbonlinestore.com\/wp-content\/uploads\/2023\/09\/Buy-GHB-Powder.png\",\"contentUrl\":\"https:\/\/ghbonlinestore.com\/wp-content\/uploads\/2023\/09\/Buy-GHB-Powder.png\",\"width\":1200,\"height\":800,\"caption\":\"Buy GHB Powder Online\"},{\"@type\":\"BreadcrumbList\",\"@id\":\"https:\/\/ghbonlinestore.com\/about-us\/#breadcrumb\",\"itemListElement\":[{\"@type\":\"ListItem\",\"position\":1,\"name\":\"Home\",\"item\":\"https:\/\/ghbonlinestore.com\/\"},{\"@type\":\"ListItem\",\"position\":2,\"name\":\"About Us\"}]},{\"@type\":\"WebSite\",\"@id\":\"https:\/\/ghbonlinestore.com\/#website\",\"url\":\"https:\/\/ghbonlinestore.com\/\",\"name\":\"GHB Online Store\",\"description\":\"\",\"publisher\":{\"@id\":\"https:\/\/ghbonlinestore.com\/#organization\"},\"potentialAction\":[{\"@type\":\"SearchAction\",\"target\":{\"@type\":\"EntryPoint\",\"urlTemplate\":\"https:\/\/ghbonlinestore.com\/?s={search_term_string}\"},\"query-input\":{\"@type\":\"PropertyValueSpecification\",\"valueRequired\":true,\"valueName\":\"search_term_string\"}}],\"inLanguage\":\"de-AT\"},{\"@type\":\"Organization\",\"@id\":\"https:\/\/ghbonlinestore.com\/#organization\",\"name\":\"GHB Online Store\",\"url\":\"https:\/\/ghbonlinestore.com\/\",\"logo\":{\"@type\":\"ImageObject\",\"inLanguage\":\"de-AT\",\"@id\":\"https:\/\/ghbonlinestore.com\/#\/schema\/logo\/image\/\",\"url\":\"https:\/\/ghbonlinestore.com\/wp-content\/uploads\/2023\/09\/GHB_logo1.png\",\"contentUrl\":\"https:\/\/ghbonlinestore.com\/wp-content\/uploads\/2023\/09\/GHB_logo1.png\",\"width\":276,\"height\":60,\"caption\":\"GHB Online Store\"},\"image\":{\"@id\":\"https:\/\/ghbonlinestore.com\/#\/schema\/logo\/image\/\"}}]}<\/script>\n<!-- \/ Yoast SEO plugin. -->","yoast_head_json":{"title":"About Us - GHB Online Store","description":"About us - Our main focus is on providing a wholesale service in which we produce and supply GHB. Contact us now.","robots":{"index":"index","follow":"follow","max-snippet":"max-snippet:-1","max-image-preview":"max-image-preview:large","max-video-preview":"max-video-preview:-1"},"canonical":"https:\/\/ghbonlinestore.com\/de\/about-us\/","og_locale":"de_DE","og_type":"article","og_title":"About Us - GHB Online Store","og_description":"About us - Our main focus is on providing a wholesale service in which we produce and supply GHB. Contact us now.","og_url":"https:\/\/ghbonlinestore.com\/de\/about-us\/","og_site_name":"GHB Online Store","article_modified_time":"2024-03-03T08:36:04+00:00","og_image":[{"width":1200,"height":800,"url":"https:\/\/ghbonlinestore.com\/wp-content\/uploads\/2023\/09\/Buy-GHB-Powder.png","type":"image\/png"}],"twitter_card":"summary_large_image","twitter_misc":{"Gesch\u00e4tzte Lesezeit":"2 Minuten"},"schema":{"@context":"https:\/\/schema.org","@graph":[{"@type":"WebPage","@id":"https:\/\/ghbonlinestore.com\/about-us\/","url":"https:\/\/ghbonlinestore.com\/about-us\/","name":"About Us - GHB Online Store","isPartOf":{"@id":"https:\/\/ghbonlinestore.com\/#website"},"primaryImageOfPage":{"@id":"https:\/\/ghbonlinestore.com\/about-us\/#primaryimage"},"image":{"@id":"https:\/\/ghbonlinestore.com\/about-us\/#primaryimage"},"thumbnailUrl":"https:\/\/ghbonlinestore.com\/wp-content\/uploads\/2023\/09\/Buy-GHB-Powder.png","datePublished":"2018-02-28T07:02:35+00:00","dateModified":"2024-03-03T08:36:04+00:00","description":"About us - Our main focus is on providing a wholesale service in which we produce and supply GHB. Contact us now.","breadcrumb":{"@id":"https:\/\/ghbonlinestore.com\/about-us\/#breadcrumb"},"inLanguage":"de-AT","potentialAction":[{"@type":"ReadAction","target":["https:\/\/ghbonlinestore.com\/about-us\/"]}]},{"@type":"ImageObject","inLanguage":"de-AT","@id":"https:\/\/ghbonlinestore.com\/about-us\/#primaryimage","url":"https:\/\/ghbonlinestore.com\/wp-content\/uploads\/2023\/09\/Buy-GHB-Powder.png","contentUrl":"https:\/\/ghbonlinestore.com\/wp-content\/uploads\/2023\/09\/Buy-GHB-Powder.png","width":1200,"height":800,"caption":"Buy GHB Powder Online"},{"@type":"BreadcrumbList","@id":"https:\/\/ghbonlinestore.com\/about-us\/#breadcrumb","itemListElement":[{"@type":"ListItem","position":1,"name":"Home","item":"https:\/\/ghbonlinestore.com\/"},{"@type":"ListItem","position":2,"name":"About Us"}]},{"@type":"WebSite","@id":"https:\/\/ghbonlinestore.com\/#website","url":"https:\/\/ghbonlinestore.com\/","name":"GHB Online Store","description":"","publisher":{"@id":"https:\/\/ghbonlinestore.com\/#organization"},"potentialAction":[{"@type":"SearchAction","target":{"@type":"EntryPoint","urlTemplate":"https:\/\/ghbonlinestore.com\/?s={search_term_string}"},"query-input":{"@type":"PropertyValueSpecification","valueRequired":true,"valueName":"search_term_string"}}],"inLanguage":"de-AT"},{"@type":"Organization","@id":"https:\/\/ghbonlinestore.com\/#organization","name":"GHB Online Store","url":"https:\/\/ghbonlinestore.com\/","logo":{"@type":"ImageObject","inLanguage":"de-AT","@id":"https:\/\/ghbonlinestore.com\/#\/schema\/logo\/image\/","url":"https:\/\/ghbonlinestore.com\/wp-content\/uploads\/2023\/09\/GHB_logo1.png","contentUrl":"https:\/\/ghbonlinestore.com\/wp-content\/uploads\/2023\/09\/GHB_logo1.png","width":276,"height":60,"caption":"GHB Online Store"},"image":{"@id":"https:\/\/ghbonlinestore.com\/#\/schema\/logo\/image\/"}}]}},"_links":{"self":[{"href":"https:\/\/ghbonlinestore.com\/de\/wp-json\/wp\/v2\/pages\/199","targetHints":{"allow":["GET"]}}],"collection":[{"href":"https:\/\/ghbonlinestore.com\/de\/wp-json\/wp\/v2\/pages"}],"about":[{"href":"https:\/\/ghbonlinestore.com\/de\/wp-json\/wp\/v2\/types\/page"}],"author":[{"embeddable":true,"href":"https:\/\/ghbonlinestore.com\/de\/wp-json\/wp\/v2\/users\/1"}],"replies":[{"embeddable":true,"href":"https:\/\/ghbonlinestore.com\/de\/wp-json\/wp\/v2\/comments?post=199"}],"version-history":[{"count":0,"href":"https:\/\/ghbonlinestore.com\/de\/wp-json\/wp\/v2\/pages\/199\/revisions"}],"wp:featuredmedia":[{"embeddable":true,"href":"https:\/\/ghbonlinestore.com\/de\/wp-json\/wp\/v2\/media\/855"}],"wp:attachment":[{"href":"https:\/\/ghbonlinestore.com\/de\/wp-json\/wp\/v2\/media?parent=199"}],"curies":[{"name":"wp","href":"https:\/\/api.w.org\/{rel}","templated":true}]}}