{"id":199,"date":"2018-02-28T07:02:35","date_gmt":"2018-02-28T07:02:35","guid":{"rendered":"http:\/\/offshorethemes.com\/demo\/sparkconstruction\/?page_id=199"},"modified":"2024-03-03T08:36:04","modified_gmt":"2024-03-03T08:36:04","slug":"about-us","status":"publish","type":"page","link":"https:\/\/ghbonlinestore.com\/es\/about-us\/","title":{"rendered":"About Us"},"content":{"rendered":"<section class=\"wpb-content-wrapper\"><div class=\"vc_row wpb_row vc_row-fluid vc_custom_1694629827634\"><div class=\"wpb_column vc_column_container vc_col-sm-12\"><div class=\"vc_column-inner\"><div class=\"wpb_wrapper\">\n\t<div class=\"wpb_text_column wpb_content_element\" >\n\t\t<div class=\"wpb_wrapper\">\n\t\t\t<div class=\"entry-content\">\n<div class=\"entry-content\">\n<p>Somos el vendedor n\u00famero 1 de drogas legales y de grado farmac\u00e9utico en Internet.<\/p>\n<p>Our main focus is on providing a wholesale service in which <a href=\"https:\/\/ghbonlinestore.com\/es\/\">we produce and supply GHB<\/a>.<\/p>\n<p>Nuestra tienda no pretende promover ni incitar al consumo de sustancias ilegales o controladas. Se\u00f1alamos expresamente que no podemos responsabilizarnos de las futuras acciones de quienes adquieran productos en este sitio.<\/p>\n<p>Nuestra misi\u00f3n es ofrecer la selecci\u00f3n m\u00e1s completa de Productos Qu\u00edmicos y Sales de Investigaci\u00f3n de primera calidad y nuestro excelente servicio de atenci\u00f3n al cliente. Creemos firmemente que la satisfacci\u00f3n del cliente es crucial para el \u00e9xito de nuestra empresa, por lo que nos esforzamos al m\u00e1ximo para ayudar a nuestros clientes de todas las formas posibles. Nos esforzamos continuamente por ser l\u00edderes del sector en innovaci\u00f3n y por estar siempre abiertos a nuevas ideas y nuevas formas de enfocar los negocios, sin perder de vista los valores fundacionales sobre los que nos hemos construido.<\/p>\n<p>Creemos en ser un <strong>honesto<\/strong> y <strong>feria<\/strong> y hacemos todo lo posible por demostrarlo en nuestras acciones eligiendo clientes y socios \u00e9ticamente responsables y educ\u00e1ndoles sobre todos los aspectos de nuestras l\u00edneas de productos.<\/p>\n<p><strong>Suministramos principalmente a aficionados a la qu\u00edmica, estudiantes de qu\u00edmica, investigadores cient\u00edficos aut\u00f3nomos y una amplia gama de instituciones educativas de EE.UU. y la UE.  Todos nuestros productos son estrictamente para uso en laboratorio y no est\u00e1n aprobados para el consumo humano.<\/strong><\/p>\n<p>Para cualquier duda o consulta, puede <a href=\"https:\/\/ghbonlinestore.com\/es\/contact\/\">Contacto<\/a> directamente.<\/p>\n<\/div>\n<\/div>\n\n\t\t<\/div>\n\t<\/div>\n<\/div><\/div><\/div><\/div>\n<\/section>","protected":false},"excerpt":{"rendered":"We are #1 Pharmaceutical Grade and legal highs vendor on the web. Our main focus is on providing a wholesale service in which we produce&hellip;","protected":false},"author":1,"featured_media":855,"parent":0,"menu_order":0,"comment_status":"closed","ping_status":"closed","template":"template-pagebuilder.php","meta":{"_joinchat":[],"footnotes":""},"class_list":["post-199","page","type-page","status-publish","has-post-thumbnail","hentry"],"yoast_head":"<!-- This site is optimized with the Yoast SEO plugin v27.2 - https:\/\/yoast.com\/product\/yoast-seo-wordpress\/ -->\n<title>About Us - GHB Online Store<\/title>\n<meta name=\"description\" content=\"About us - Our main focus is on providing a wholesale service in which we produce and supply GHB. Contact us now.\" \/>\n<meta name=\"robots\" content=\"index, follow, max-snippet:-1, max-image-preview:large, max-video-preview:-1\" \/>\n<link rel=\"canonical\" href=\"https:\/\/ghbonlinestore.com\/es\/about-us\/\" \/>\n<meta property=\"og:locale\" content=\"es_ES\" \/>\n<meta property=\"og:type\" content=\"article\" \/>\n<meta property=\"og:title\" content=\"About Us - GHB Online Store\" \/>\n<meta property=\"og:description\" content=\"About us - Our main focus is on providing a wholesale service in which we produce and supply GHB. Contact us now.\" \/>\n<meta property=\"og:url\" content=\"https:\/\/ghbonlinestore.com\/es\/about-us\/\" \/>\n<meta property=\"og:site_name\" content=\"GHB Online Store\" \/>\n<meta property=\"article:modified_time\" content=\"2024-03-03T08:36:04+00:00\" \/>\n<meta property=\"og:image\" content=\"https:\/\/ghbonlinestore.com\/wp-content\/uploads\/2023\/09\/Buy-GHB-Powder.png\" \/>\n\t<meta property=\"og:image:width\" content=\"1200\" \/>\n\t<meta property=\"og:image:height\" content=\"800\" \/>\n\t<meta property=\"og:image:type\" content=\"image\/png\" \/>\n<meta name=\"twitter:card\" content=\"summary_large_image\" \/>\n<meta name=\"twitter:label1\" content=\"Tiempo de lectura\" \/>\n\t<meta name=\"twitter:data1\" content=\"2 minutos\" \/>\n<script type=\"application\/ld+json\" class=\"yoast-schema-graph\">{\"@context\":\"https:\/\/schema.org\",\"@graph\":[{\"@type\":\"WebPage\",\"@id\":\"https:\/\/ghbonlinestore.com\/about-us\/\",\"url\":\"https:\/\/ghbonlinestore.com\/about-us\/\",\"name\":\"About Us - GHB Online Store\",\"isPartOf\":{\"@id\":\"https:\/\/ghbonlinestore.com\/#website\"},\"primaryImageOfPage\":{\"@id\":\"https:\/\/ghbonlinestore.com\/about-us\/#primaryimage\"},\"image\":{\"@id\":\"https:\/\/ghbonlinestore.com\/about-us\/#primaryimage\"},\"thumbnailUrl\":\"https:\/\/ghbonlinestore.com\/wp-content\/uploads\/2023\/09\/Buy-GHB-Powder.png\",\"datePublished\":\"2018-02-28T07:02:35+00:00\",\"dateModified\":\"2024-03-03T08:36:04+00:00\",\"description\":\"About us - Our main focus is on providing a wholesale service in which we produce and supply GHB. Contact us now.\",\"breadcrumb\":{\"@id\":\"https:\/\/ghbonlinestore.com\/about-us\/#breadcrumb\"},\"inLanguage\":\"es\",\"potentialAction\":[{\"@type\":\"ReadAction\",\"target\":[\"https:\/\/ghbonlinestore.com\/about-us\/\"]}]},{\"@type\":\"ImageObject\",\"inLanguage\":\"es\",\"@id\":\"https:\/\/ghbonlinestore.com\/about-us\/#primaryimage\",\"url\":\"https:\/\/ghbonlinestore.com\/wp-content\/uploads\/2023\/09\/Buy-GHB-Powder.png\",\"contentUrl\":\"https:\/\/ghbonlinestore.com\/wp-content\/uploads\/2023\/09\/Buy-GHB-Powder.png\",\"width\":1200,\"height\":800,\"caption\":\"Buy GHB Powder Online\"},{\"@type\":\"BreadcrumbList\",\"@id\":\"https:\/\/ghbonlinestore.com\/about-us\/#breadcrumb\",\"itemListElement\":[{\"@type\":\"ListItem\",\"position\":1,\"name\":\"Home\",\"item\":\"https:\/\/ghbonlinestore.com\/\"},{\"@type\":\"ListItem\",\"position\":2,\"name\":\"About Us\"}]},{\"@type\":\"WebSite\",\"@id\":\"https:\/\/ghbonlinestore.com\/#website\",\"url\":\"https:\/\/ghbonlinestore.com\/\",\"name\":\"GHB Online Store\",\"description\":\"\",\"publisher\":{\"@id\":\"https:\/\/ghbonlinestore.com\/#organization\"},\"potentialAction\":[{\"@type\":\"SearchAction\",\"target\":{\"@type\":\"EntryPoint\",\"urlTemplate\":\"https:\/\/ghbonlinestore.com\/?s={search_term_string}\"},\"query-input\":{\"@type\":\"PropertyValueSpecification\",\"valueRequired\":true,\"valueName\":\"search_term_string\"}}],\"inLanguage\":\"es\"},{\"@type\":\"Organization\",\"@id\":\"https:\/\/ghbonlinestore.com\/#organization\",\"name\":\"GHB Online Store\",\"url\":\"https:\/\/ghbonlinestore.com\/\",\"logo\":{\"@type\":\"ImageObject\",\"inLanguage\":\"es\",\"@id\":\"https:\/\/ghbonlinestore.com\/#\/schema\/logo\/image\/\",\"url\":\"https:\/\/ghbonlinestore.com\/wp-content\/uploads\/2023\/09\/GHB_logo1.png\",\"contentUrl\":\"https:\/\/ghbonlinestore.com\/wp-content\/uploads\/2023\/09\/GHB_logo1.png\",\"width\":276,\"height\":60,\"caption\":\"GHB Online Store\"},\"image\":{\"@id\":\"https:\/\/ghbonlinestore.com\/#\/schema\/logo\/image\/\"}}]}<\/script>\n<!-- \/ Yoast SEO plugin. -->","yoast_head_json":{"title":"About Us - GHB Online Store","description":"About us - Our main focus is on providing a wholesale service in which we produce and supply GHB. Contact us now.","robots":{"index":"index","follow":"follow","max-snippet":"max-snippet:-1","max-image-preview":"max-image-preview:large","max-video-preview":"max-video-preview:-1"},"canonical":"https:\/\/ghbonlinestore.com\/es\/about-us\/","og_locale":"es_ES","og_type":"article","og_title":"About Us - GHB Online Store","og_description":"About us - Our main focus is on providing a wholesale service in which we produce and supply GHB. Contact us now.","og_url":"https:\/\/ghbonlinestore.com\/es\/about-us\/","og_site_name":"GHB Online Store","article_modified_time":"2024-03-03T08:36:04+00:00","og_image":[{"width":1200,"height":800,"url":"https:\/\/ghbonlinestore.com\/wp-content\/uploads\/2023\/09\/Buy-GHB-Powder.png","type":"image\/png"}],"twitter_card":"summary_large_image","twitter_misc":{"Tiempo de lectura":"2 minutos"},"schema":{"@context":"https:\/\/schema.org","@graph":[{"@type":"WebPage","@id":"https:\/\/ghbonlinestore.com\/about-us\/","url":"https:\/\/ghbonlinestore.com\/about-us\/","name":"About Us - GHB Online Store","isPartOf":{"@id":"https:\/\/ghbonlinestore.com\/#website"},"primaryImageOfPage":{"@id":"https:\/\/ghbonlinestore.com\/about-us\/#primaryimage"},"image":{"@id":"https:\/\/ghbonlinestore.com\/about-us\/#primaryimage"},"thumbnailUrl":"https:\/\/ghbonlinestore.com\/wp-content\/uploads\/2023\/09\/Buy-GHB-Powder.png","datePublished":"2018-02-28T07:02:35+00:00","dateModified":"2024-03-03T08:36:04+00:00","description":"About us - Our main focus is on providing a wholesale service in which we produce and supply GHB. Contact us now.","breadcrumb":{"@id":"https:\/\/ghbonlinestore.com\/about-us\/#breadcrumb"},"inLanguage":"es","potentialAction":[{"@type":"ReadAction","target":["https:\/\/ghbonlinestore.com\/about-us\/"]}]},{"@type":"ImageObject","inLanguage":"es","@id":"https:\/\/ghbonlinestore.com\/about-us\/#primaryimage","url":"https:\/\/ghbonlinestore.com\/wp-content\/uploads\/2023\/09\/Buy-GHB-Powder.png","contentUrl":"https:\/\/ghbonlinestore.com\/wp-content\/uploads\/2023\/09\/Buy-GHB-Powder.png","width":1200,"height":800,"caption":"Buy GHB Powder Online"},{"@type":"BreadcrumbList","@id":"https:\/\/ghbonlinestore.com\/about-us\/#breadcrumb","itemListElement":[{"@type":"ListItem","position":1,"name":"Home","item":"https:\/\/ghbonlinestore.com\/"},{"@type":"ListItem","position":2,"name":"About Us"}]},{"@type":"WebSite","@id":"https:\/\/ghbonlinestore.com\/#website","url":"https:\/\/ghbonlinestore.com\/","name":"GHB Online Store","description":"","publisher":{"@id":"https:\/\/ghbonlinestore.com\/#organization"},"potentialAction":[{"@type":"SearchAction","target":{"@type":"EntryPoint","urlTemplate":"https:\/\/ghbonlinestore.com\/?s={search_term_string}"},"query-input":{"@type":"PropertyValueSpecification","valueRequired":true,"valueName":"search_term_string"}}],"inLanguage":"es"},{"@type":"Organization","@id":"https:\/\/ghbonlinestore.com\/#organization","name":"GHB Online Store","url":"https:\/\/ghbonlinestore.com\/","logo":{"@type":"ImageObject","inLanguage":"es","@id":"https:\/\/ghbonlinestore.com\/#\/schema\/logo\/image\/","url":"https:\/\/ghbonlinestore.com\/wp-content\/uploads\/2023\/09\/GHB_logo1.png","contentUrl":"https:\/\/ghbonlinestore.com\/wp-content\/uploads\/2023\/09\/GHB_logo1.png","width":276,"height":60,"caption":"GHB Online Store"},"image":{"@id":"https:\/\/ghbonlinestore.com\/#\/schema\/logo\/image\/"}}]}},"_links":{"self":[{"href":"https:\/\/ghbonlinestore.com\/es\/wp-json\/wp\/v2\/pages\/199","targetHints":{"allow":["GET"]}}],"collection":[{"href":"https:\/\/ghbonlinestore.com\/es\/wp-json\/wp\/v2\/pages"}],"about":[{"href":"https:\/\/ghbonlinestore.com\/es\/wp-json\/wp\/v2\/types\/page"}],"author":[{"embeddable":true,"href":"https:\/\/ghbonlinestore.com\/es\/wp-json\/wp\/v2\/users\/1"}],"replies":[{"embeddable":true,"href":"https:\/\/ghbonlinestore.com\/es\/wp-json\/wp\/v2\/comments?post=199"}],"version-history":[{"count":0,"href":"https:\/\/ghbonlinestore.com\/es\/wp-json\/wp\/v2\/pages\/199\/revisions"}],"wp:featuredmedia":[{"embeddable":true,"href":"https:\/\/ghbonlinestore.com\/es\/wp-json\/wp\/v2\/media\/855"}],"wp:attachment":[{"href":"https:\/\/ghbonlinestore.com\/es\/wp-json\/wp\/v2\/media?parent=199"}],"curies":[{"name":"wp","href":"https:\/\/api.w.org\/{rel}","templated":true}]}}