{"id":390,"date":"2019-04-19T05:32:48","date_gmt":"2019-04-19T05:32:48","guid":{"rendered":"http:\/\/demo.sparklewpthemes.com\/constructionlight\/?page_id=390"},"modified":"2023-09-13T18:26:08","modified_gmt":"2023-09-13T18:26:08","slug":"testimonials","status":"publish","type":"page","link":"https:\/\/ghbonlinestore.com\/fr\/testimonials\/","title":{"rendered":"T\u00e9moignages"},"content":{"rendered":"<section class=\"wpb-content-wrapper\"><div class=\"vc_row wpb_row vc_row-fluid\"><div class=\"wpb_column vc_column_container vc_col-sm-12\"><div class=\"vc_column-inner\"><div class=\"wpb_wrapper\"><h2 style=\"text-align: center\" class=\"vc_custom_heading\" >Ce que disent nos clients<\/h2><\/div><\/div><\/div><\/div><div class=\"vc_row wpb_row vc_row-fluid\"><div class=\"wpb_column vc_column_container vc_col-sm-12\"><div class=\"vc_column-inner\"><div class=\"wpb_wrapper\">\n\t<div class=\"wpb_text_column wpb_content_element\" >\n\t\t<div class=\"wpb_wrapper\">\n\t\t\t<div class=\"strong-view strong-view-id-1 default wpmtst-default\" data-count=\"4\" data-state=\"idle\"><div class=\"strong-content strong-masonry columns-2\"><div class=\"wpmtst-testimonial testimonial post-913\"><div class=\"wpmtst-testimonial-inner testimonial-inner\"><h3 class=\"wpmtst-testimonial-heading testimonial-heading\">Merci pour le paquet<\/h3><div    class=\"wpmtst-testimonial-content testimonial-content\"><div class=\"maybe-clear\"><\/div><p>le paquet a \u00e9t\u00e9 livr\u00e9 en temps voulu, a \u00e9t\u00e9 test\u00e9 en termes de puret\u00e9 et a \u00e9t\u00e9 accept\u00e9. Le site est facile \u00e0 utiliser, le syst\u00e8me de paiement est simple et le programme de recommandation est excellent. Je ferai \u00e0 nouveau des recherches ici.<\/p><\/div><div class=\"wpmtst-testimonial-field testimonial-field testimonial-name\">Patric Stone<\/div><div class=\"wpmtst-testimonial-field testimonial-field\"><span class=\"strong-rating-wrapper in-view\"><span class=\"strong-rating\"><span class=\"star\" style=\"display: none;\"><\/span><span class=\"star\" style=\"display: inline-block;\"><svg class=\"star_solid\" aria-hidden=\"true\" role=\"img\" xmlns=\"http:\/\/www.w3.org\/2000\/svg\" viewbox=\"-8 -8 584 520\"><path d=\"M259.3 17.8L194 150.2 47.9 171.5c-26.2 3.8-36.7 36.1-17.7 54.6l105.7 103-25 145.5c-4.5 26.3 23.2 46 46.4 33.7L288 439.6l130.7 68.7c23.2 12.2 50.9-7.4 46.4-33.7l-25-145.5 105.7-103c19-18.5 8.5-50.8-17.7-54.6L382 150.2 316.7 17.8c-11.7-23.6-45.6-23.9-57.4 0z\"><\/path><\/svg><\/span><span class=\"star\" style=\"display: inline-block;\"><svg class=\"star_solid\" aria-hidden=\"true\" role=\"img\" xmlns=\"http:\/\/www.w3.org\/2000\/svg\" viewbox=\"-8 -8 584 520\"><path d=\"M259.3 17.8L194 150.2 47.9 171.5c-26.2 3.8-36.7 36.1-17.7 54.6l105.7 103-25 145.5c-4.5 26.3 23.2 46 46.4 33.7L288 439.6l130.7 68.7c23.2 12.2 50.9-7.4 46.4-33.7l-25-145.5 105.7-103c19-18.5 8.5-50.8-17.7-54.6L382 150.2 316.7 17.8c-11.7-23.6-45.6-23.9-57.4 0z\"><\/path><\/svg><\/span><span class=\"star\" style=\"display: inline-block;\"><svg class=\"star_solid\" aria-hidden=\"true\" role=\"img\" xmlns=\"http:\/\/www.w3.org\/2000\/svg\" viewbox=\"-8 -8 584 520\"><path d=\"M259.3 17.8L194 150.2 47.9 171.5c-26.2 3.8-36.7 36.1-17.7 54.6l105.7 103-25 145.5c-4.5 26.3 23.2 46 46.4 33.7L288 439.6l130.7 68.7c23.2 12.2 50.9-7.4 46.4-33.7l-25-145.5 105.7-103c19-18.5 8.5-50.8-17.7-54.6L382 150.2 316.7 17.8c-11.7-23.6-45.6-23.9-57.4 0z\"><\/path><\/svg><\/span><span class=\"star\" style=\"display: inline-block;\"><svg class=\"star_solid\" aria-hidden=\"true\" role=\"img\" xmlns=\"http:\/\/www.w3.org\/2000\/svg\" viewbox=\"-8 -8 584 520\"><path d=\"M259.3 17.8L194 150.2 47.9 171.5c-26.2 3.8-36.7 36.1-17.7 54.6l105.7 103-25 145.5c-4.5 26.3 23.2 46 46.4 33.7L288 439.6l130.7 68.7c23.2 12.2 50.9-7.4 46.4-33.7l-25-145.5 105.7-103c19-18.5 8.5-50.8-17.7-54.6L382 150.2 316.7 17.8c-11.7-23.6-45.6-23.9-57.4 0z\"><\/path><\/svg><\/span><span class=\"star\" style=\"display: inline-block;\"><svg class=\"star_solid\" aria-hidden=\"true\" role=\"img\" xmlns=\"http:\/\/www.w3.org\/2000\/svg\" viewbox=\"-8 -8 584 520\"><path d=\"M259.3 17.8L194 150.2 47.9 171.5c-26.2 3.8-36.7 36.1-17.7 54.6l105.7 103-25 145.5c-4.5 26.3 23.2 46 46.4 33.7L288 439.6l130.7 68.7c23.2 12.2 50.9-7.4 46.4-33.7l-25-145.5 105.7-103c19-18.5 8.5-50.8-17.7-54.6L382 150.2 316.7 17.8c-11.7-23.6-45.6-23.9-57.4 0z\"><\/path><\/svg><\/span><\/span><\/span><\/div><div class=\"clear\"><\/div><\/div><\/div><div class=\"wpmtst-testimonial testimonial post-914\"><div class=\"wpmtst-testimonial-inner testimonial-inner\"><h3 class=\"wpmtst-testimonial-heading testimonial-heading\">L'entreprise est formidable<\/h3><div    class=\"wpmtst-testimonial-content testimonial-content\"><div class=\"maybe-clear\"><\/div><p>L'entreprise est formidable, je n'ai rien \u00e0 redire. Ma commande est m\u00eame arriv\u00e9e plus vite que je ne le pensais. L'excellent emballage et les informations fournies ont rendu la confiance en cette soci\u00e9t\u00e9 encore plus facile.<\/p><\/div><div class=\"wpmtst-testimonial-field testimonial-field testimonial-name\">Stefanie Rashford<\/div><div class=\"wpmtst-testimonial-field testimonial-field\"><span class=\"strong-rating-wrapper in-view\"><span class=\"strong-rating\"><span class=\"star\" style=\"display: none;\"><\/span><span class=\"star\" style=\"display: inline-block;\"><svg class=\"star_solid\" aria-hidden=\"true\" role=\"img\" xmlns=\"http:\/\/www.w3.org\/2000\/svg\" viewbox=\"-8 -8 584 520\"><path d=\"M259.3 17.8L194 150.2 47.9 171.5c-26.2 3.8-36.7 36.1-17.7 54.6l105.7 103-25 145.5c-4.5 26.3 23.2 46 46.4 33.7L288 439.6l130.7 68.7c23.2 12.2 50.9-7.4 46.4-33.7l-25-145.5 105.7-103c19-18.5 8.5-50.8-17.7-54.6L382 150.2 316.7 17.8c-11.7-23.6-45.6-23.9-57.4 0z\"><\/path><\/svg><\/span><span class=\"star\" style=\"display: inline-block;\"><svg class=\"star_solid\" aria-hidden=\"true\" role=\"img\" xmlns=\"http:\/\/www.w3.org\/2000\/svg\" viewbox=\"-8 -8 584 520\"><path d=\"M259.3 17.8L194 150.2 47.9 171.5c-26.2 3.8-36.7 36.1-17.7 54.6l105.7 103-25 145.5c-4.5 26.3 23.2 46 46.4 33.7L288 439.6l130.7 68.7c23.2 12.2 50.9-7.4 46.4-33.7l-25-145.5 105.7-103c19-18.5 8.5-50.8-17.7-54.6L382 150.2 316.7 17.8c-11.7-23.6-45.6-23.9-57.4 0z\"><\/path><\/svg><\/span><span class=\"star\" style=\"display: inline-block;\"><svg class=\"star_solid\" aria-hidden=\"true\" role=\"img\" xmlns=\"http:\/\/www.w3.org\/2000\/svg\" viewbox=\"-8 -8 584 520\"><path d=\"M259.3 17.8L194 150.2 47.9 171.5c-26.2 3.8-36.7 36.1-17.7 54.6l105.7 103-25 145.5c-4.5 26.3 23.2 46 46.4 33.7L288 439.6l130.7 68.7c23.2 12.2 50.9-7.4 46.4-33.7l-25-145.5 105.7-103c19-18.5 8.5-50.8-17.7-54.6L382 150.2 316.7 17.8c-11.7-23.6-45.6-23.9-57.4 0z\"><\/path><\/svg><\/span><span class=\"star\" style=\"display: inline-block;\"><svg class=\"star_solid\" aria-hidden=\"true\" role=\"img\" xmlns=\"http:\/\/www.w3.org\/2000\/svg\" viewbox=\"-8 -8 584 520\"><path d=\"M259.3 17.8L194 150.2 47.9 171.5c-26.2 3.8-36.7 36.1-17.7 54.6l105.7 103-25 145.5c-4.5 26.3 23.2 46 46.4 33.7L288 439.6l130.7 68.7c23.2 12.2 50.9-7.4 46.4-33.7l-25-145.5 105.7-103c19-18.5 8.5-50.8-17.7-54.6L382 150.2 316.7 17.8c-11.7-23.6-45.6-23.9-57.4 0z\"><\/path><\/svg><\/span><span class=\"star\" style=\"display: inline-block;\"><svg class=\"star_regular\" aria-hidden=\"true\" role=\"img\" xmlns=\"http:\/\/www.w3.org\/2000\/svg\" viewbox=\"-8 -8 584 520\"><path d=\"M528.1 171.5L382 150.2 316.7 17.8c-11.7-23.6-45.6-23.9-57.4 0L194 150.2 47.9 171.5c-26.2 3.8-36.7 36.1-17.7 54.6l105.7 103-25 145.5c-4.5 26.3 23.2 46 46.4 33.7L288 439.6l130.7 68.7c23.2 12.2 50.9-7.4 46.4-33.7l-25-145.5 105.7-103c19-18.5 8.5-50.8-17.7-54.6zM388.6 312.3l23.7 138.4L288 385.4l-124.3 65.3 23.7-138.4-100.6-98 139-20.2 62.2-126 62.2 126 139 20.2-100.6 98z\"><\/path><\/svg><\/span><\/span><\/span><\/div><div class=\"clear\"><\/div><\/div><\/div><div class=\"wpmtst-testimonial testimonial post-915\"><div class=\"wpmtst-testimonial-inner testimonial-inner\"><h3 class=\"wpmtst-testimonial-heading testimonial-heading\">Le colis est arriv\u00e9 rapidement<\/h3><div    class=\"wpmtst-testimonial-content testimonial-content\"><div class=\"maybe-clear\"><\/div><p>Le colis est arriv\u00e9 rapidement et le produit correspondait exactement aux produits chimiques dont j'avais besoin pour mes recherches. Service et produits excellents. J'ach\u00e8terai \u00e0 nouveau<\/p><\/div><div class=\"wpmtst-testimonial-field testimonial-field testimonial-name\">Cassie Carleton<\/div><div class=\"wpmtst-testimonial-field testimonial-field\"><span class=\"strong-rating-wrapper in-view\"><span class=\"strong-rating\"><span class=\"star\" style=\"display: none;\"><\/span><span class=\"star\" style=\"display: inline-block;\"><svg class=\"star_solid\" aria-hidden=\"true\" role=\"img\" xmlns=\"http:\/\/www.w3.org\/2000\/svg\" viewbox=\"-8 -8 584 520\"><path d=\"M259.3 17.8L194 150.2 47.9 171.5c-26.2 3.8-36.7 36.1-17.7 54.6l105.7 103-25 145.5c-4.5 26.3 23.2 46 46.4 33.7L288 439.6l130.7 68.7c23.2 12.2 50.9-7.4 46.4-33.7l-25-145.5 105.7-103c19-18.5 8.5-50.8-17.7-54.6L382 150.2 316.7 17.8c-11.7-23.6-45.6-23.9-57.4 0z\"><\/path><\/svg><\/span><span class=\"star\" style=\"display: inline-block;\"><svg class=\"star_solid\" aria-hidden=\"true\" role=\"img\" xmlns=\"http:\/\/www.w3.org\/2000\/svg\" viewbox=\"-8 -8 584 520\"><path d=\"M259.3 17.8L194 150.2 47.9 171.5c-26.2 3.8-36.7 36.1-17.7 54.6l105.7 103-25 145.5c-4.5 26.3 23.2 46 46.4 33.7L288 439.6l130.7 68.7c23.2 12.2 50.9-7.4 46.4-33.7l-25-145.5 105.7-103c19-18.5 8.5-50.8-17.7-54.6L382 150.2 316.7 17.8c-11.7-23.6-45.6-23.9-57.4 0z\"><\/path><\/svg><\/span><span class=\"star\" style=\"display: inline-block;\"><svg class=\"star_solid\" aria-hidden=\"true\" role=\"img\" xmlns=\"http:\/\/www.w3.org\/2000\/svg\" viewbox=\"-8 -8 584 520\"><path d=\"M259.3 17.8L194 150.2 47.9 171.5c-26.2 3.8-36.7 36.1-17.7 54.6l105.7 103-25 145.5c-4.5 26.3 23.2 46 46.4 33.7L288 439.6l130.7 68.7c23.2 12.2 50.9-7.4 46.4-33.7l-25-145.5 105.7-103c19-18.5 8.5-50.8-17.7-54.6L382 150.2 316.7 17.8c-11.7-23.6-45.6-23.9-57.4 0z\"><\/path><\/svg><\/span><span class=\"star\" style=\"display: inline-block;\"><svg class=\"star_solid\" aria-hidden=\"true\" role=\"img\" xmlns=\"http:\/\/www.w3.org\/2000\/svg\" viewbox=\"-8 -8 584 520\"><path d=\"M259.3 17.8L194 150.2 47.9 171.5c-26.2 3.8-36.7 36.1-17.7 54.6l105.7 103-25 145.5c-4.5 26.3 23.2 46 46.4 33.7L288 439.6l130.7 68.7c23.2 12.2 50.9-7.4 46.4-33.7l-25-145.5 105.7-103c19-18.5 8.5-50.8-17.7-54.6L382 150.2 316.7 17.8c-11.7-23.6-45.6-23.9-57.4 0z\"><\/path><\/svg><\/span><span class=\"star\" style=\"display: inline-block;\"><svg class=\"star_solid\" aria-hidden=\"true\" role=\"img\" xmlns=\"http:\/\/www.w3.org\/2000\/svg\" viewbox=\"-8 -8 584 520\"><path d=\"M259.3 17.8L194 150.2 47.9 171.5c-26.2 3.8-36.7 36.1-17.7 54.6l105.7 103-25 145.5c-4.5 26.3 23.2 46 46.4 33.7L288 439.6l130.7 68.7c23.2 12.2 50.9-7.4 46.4-33.7l-25-145.5 105.7-103c19-18.5 8.5-50.8-17.7-54.6L382 150.2 316.7 17.8c-11.7-23.6-45.6-23.9-57.4 0z\"><\/path><\/svg><\/span><\/span><\/span><\/div><div class=\"clear\"><\/div><\/div><\/div><div class=\"wpmtst-testimonial testimonial post-916\"><div class=\"wpmtst-testimonial-inner testimonial-inner\"><h3 class=\"wpmtst-testimonial-heading testimonial-heading\">Excellente communication<\/h3><div    class=\"wpmtst-testimonial-content testimonial-content\"><div class=\"maybe-clear\"><\/div><p>Excellente communication, emballage clair, et j'ai re\u00e7u ce que j'avais command\u00e9. Il m'a fallu un jour ou deux pour compl\u00e9ter la commande et les \u00e9tapes de paiement, mais ils ont \u00e9t\u00e9 r\u00e9actifs de leur c\u00f4t\u00e9.<\/p><\/div><div class=\"wpmtst-testimonial-field testimonial-field testimonial-name\">Fredrick Yolonda<\/div><div class=\"wpmtst-testimonial-field testimonial-field\"><span class=\"strong-rating-wrapper in-view\"><span class=\"strong-rating\"><span class=\"star\" style=\"display: none;\"><\/span><span class=\"star\" style=\"display: inline-block;\"><svg class=\"star_solid\" aria-hidden=\"true\" role=\"img\" xmlns=\"http:\/\/www.w3.org\/2000\/svg\" viewbox=\"-8 -8 584 520\"><path d=\"M259.3 17.8L194 150.2 47.9 171.5c-26.2 3.8-36.7 36.1-17.7 54.6l105.7 103-25 145.5c-4.5 26.3 23.2 46 46.4 33.7L288 439.6l130.7 68.7c23.2 12.2 50.9-7.4 46.4-33.7l-25-145.5 105.7-103c19-18.5 8.5-50.8-17.7-54.6L382 150.2 316.7 17.8c-11.7-23.6-45.6-23.9-57.4 0z\"><\/path><\/svg><\/span><span class=\"star\" style=\"display: inline-block;\"><svg class=\"star_solid\" aria-hidden=\"true\" role=\"img\" xmlns=\"http:\/\/www.w3.org\/2000\/svg\" viewbox=\"-8 -8 584 520\"><path d=\"M259.3 17.8L194 150.2 47.9 171.5c-26.2 3.8-36.7 36.1-17.7 54.6l105.7 103-25 145.5c-4.5 26.3 23.2 46 46.4 33.7L288 439.6l130.7 68.7c23.2 12.2 50.9-7.4 46.4-33.7l-25-145.5 105.7-103c19-18.5 8.5-50.8-17.7-54.6L382 150.2 316.7 17.8c-11.7-23.6-45.6-23.9-57.4 0z\"><\/path><\/svg><\/span><span class=\"star\" style=\"display: inline-block;\"><svg class=\"star_solid\" aria-hidden=\"true\" role=\"img\" xmlns=\"http:\/\/www.w3.org\/2000\/svg\" viewbox=\"-8 -8 584 520\"><path d=\"M259.3 17.8L194 150.2 47.9 171.5c-26.2 3.8-36.7 36.1-17.7 54.6l105.7 103-25 145.5c-4.5 26.3 23.2 46 46.4 33.7L288 439.6l130.7 68.7c23.2 12.2 50.9-7.4 46.4-33.7l-25-145.5 105.7-103c19-18.5 8.5-50.8-17.7-54.6L382 150.2 316.7 17.8c-11.7-23.6-45.6-23.9-57.4 0z\"><\/path><\/svg><\/span><span class=\"star\" style=\"display: inline-block;\"><svg class=\"star_solid\" aria-hidden=\"true\" role=\"img\" xmlns=\"http:\/\/www.w3.org\/2000\/svg\" viewbox=\"-8 -8 584 520\"><path d=\"M259.3 17.8L194 150.2 47.9 171.5c-26.2 3.8-36.7 36.1-17.7 54.6l105.7 103-25 145.5c-4.5 26.3 23.2 46 46.4 33.7L288 439.6l130.7 68.7c23.2 12.2 50.9-7.4 46.4-33.7l-25-145.5 105.7-103c19-18.5 8.5-50.8-17.7-54.6L382 150.2 316.7 17.8c-11.7-23.6-45.6-23.9-57.4 0z\"><\/path><\/svg><\/span><span class=\"star\" style=\"display: inline-block;\"><svg class=\"star_solid\" aria-hidden=\"true\" role=\"img\" xmlns=\"http:\/\/www.w3.org\/2000\/svg\" viewbox=\"-8 -8 584 520\"><path d=\"M259.3 17.8L194 150.2 47.9 171.5c-26.2 3.8-36.7 36.1-17.7 54.6l105.7 103-25 145.5c-4.5 26.3 23.2 46 46.4 33.7L288 439.6l130.7 68.7c23.2 12.2 50.9-7.4 46.4-33.7l-25-145.5 105.7-103c19-18.5 8.5-50.8-17.7-54.6L382 150.2 316.7 17.8c-11.7-23.6-45.6-23.9-57.4 0z\"><\/path><\/svg><\/span><\/span><\/span><\/div><div class=\"clear\"><\/div><\/div><\/div><\/div><\/div>\n\n\t\t<\/div>\n\t<\/div>\n<\/div><\/div><\/div><\/div>\n<\/section>","protected":false},"excerpt":{"rendered":"What our clients say Thanks for the packagethe package was delivered in a timely fashion, purity tested, and passed. Easy site usage, payment system, and&hellip;","protected":false},"author":1,"featured_media":0,"parent":0,"menu_order":0,"comment_status":"closed","ping_status":"closed","template":"","meta":{"_joinchat":[],"footnotes":""},"class_list":["post-390","page","type-page","status-publish","hentry"],"yoast_head":"<!-- This site is optimized with the Yoast SEO plugin v27.2 - https:\/\/yoast.com\/product\/yoast-seo-wordpress\/ -->\n<title>Testimonials - GHB Online Store<\/title>\n<meta name=\"robots\" content=\"index, follow, max-snippet:-1, max-image-preview:large, max-video-preview:-1\" \/>\n<link rel=\"canonical\" href=\"https:\/\/ghbonlinestore.com\/fr\/testimonials\/\" \/>\n<meta property=\"og:locale\" content=\"fr_FR\" \/>\n<meta property=\"og:type\" content=\"article\" \/>\n<meta property=\"og:title\" content=\"Testimonials - GHB Online Store\" \/>\n<meta property=\"og:url\" content=\"https:\/\/ghbonlinestore.com\/fr\/testimonials\/\" \/>\n<meta property=\"og:site_name\" content=\"GHB Online Store\" \/>\n<meta property=\"article:modified_time\" content=\"2023-09-13T18:26:08+00:00\" \/>\n<meta name=\"twitter:card\" content=\"summary_large_image\" \/>\n<meta name=\"twitter:label1\" content=\"Dur\u00e9e de lecture estim\u00e9e\" \/>\n\t<meta name=\"twitter:data1\" content=\"1 minute\" \/>\n<script type=\"application\/ld+json\" class=\"yoast-schema-graph\">{\"@context\":\"https:\/\/schema.org\",\"@graph\":[{\"@type\":\"WebPage\",\"@id\":\"https:\/\/ghbonlinestore.com\/testimonials\/\",\"url\":\"https:\/\/ghbonlinestore.com\/testimonials\/\",\"name\":\"Testimonials - GHB Online Store\",\"isPartOf\":{\"@id\":\"https:\/\/ghbonlinestore.com\/#website\"},\"datePublished\":\"2019-04-19T05:32:48+00:00\",\"dateModified\":\"2023-09-13T18:26:08+00:00\",\"breadcrumb\":{\"@id\":\"https:\/\/ghbonlinestore.com\/testimonials\/#breadcrumb\"},\"inLanguage\":\"fr-FR\",\"potentialAction\":[{\"@type\":\"ReadAction\",\"target\":[\"https:\/\/ghbonlinestore.com\/testimonials\/\"]}]},{\"@type\":\"BreadcrumbList\",\"@id\":\"https:\/\/ghbonlinestore.com\/testimonials\/#breadcrumb\",\"itemListElement\":[{\"@type\":\"ListItem\",\"position\":1,\"name\":\"Home\",\"item\":\"https:\/\/ghbonlinestore.com\/\"},{\"@type\":\"ListItem\",\"position\":2,\"name\":\"Testimonials\"}]},{\"@type\":\"WebSite\",\"@id\":\"https:\/\/ghbonlinestore.com\/#website\",\"url\":\"https:\/\/ghbonlinestore.com\/\",\"name\":\"GHB Online Store\",\"description\":\"\",\"publisher\":{\"@id\":\"https:\/\/ghbonlinestore.com\/#organization\"},\"potentialAction\":[{\"@type\":\"SearchAction\",\"target\":{\"@type\":\"EntryPoint\",\"urlTemplate\":\"https:\/\/ghbonlinestore.com\/?s={search_term_string}\"},\"query-input\":{\"@type\":\"PropertyValueSpecification\",\"valueRequired\":true,\"valueName\":\"search_term_string\"}}],\"inLanguage\":\"fr-FR\"},{\"@type\":\"Organization\",\"@id\":\"https:\/\/ghbonlinestore.com\/#organization\",\"name\":\"GHB Online Store\",\"url\":\"https:\/\/ghbonlinestore.com\/\",\"logo\":{\"@type\":\"ImageObject\",\"inLanguage\":\"fr-FR\",\"@id\":\"https:\/\/ghbonlinestore.com\/#\/schema\/logo\/image\/\",\"url\":\"https:\/\/ghbonlinestore.com\/wp-content\/uploads\/2023\/09\/GHB_logo1.png\",\"contentUrl\":\"https:\/\/ghbonlinestore.com\/wp-content\/uploads\/2023\/09\/GHB_logo1.png\",\"width\":276,\"height\":60,\"caption\":\"GHB Online Store\"},\"image\":{\"@id\":\"https:\/\/ghbonlinestore.com\/#\/schema\/logo\/image\/\"}}]}<\/script>\n<!-- \/ Yoast SEO plugin. -->","yoast_head_json":{"title":"Testimonials - GHB Online Store","robots":{"index":"index","follow":"follow","max-snippet":"max-snippet:-1","max-image-preview":"max-image-preview:large","max-video-preview":"max-video-preview:-1"},"canonical":"https:\/\/ghbonlinestore.com\/fr\/testimonials\/","og_locale":"fr_FR","og_type":"article","og_title":"Testimonials - GHB Online Store","og_url":"https:\/\/ghbonlinestore.com\/fr\/testimonials\/","og_site_name":"GHB Online Store","article_modified_time":"2023-09-13T18:26:08+00:00","twitter_card":"summary_large_image","twitter_misc":{"Dur\u00e9e de lecture estim\u00e9e":"1 minute"},"schema":{"@context":"https:\/\/schema.org","@graph":[{"@type":"WebPage","@id":"https:\/\/ghbonlinestore.com\/testimonials\/","url":"https:\/\/ghbonlinestore.com\/testimonials\/","name":"Testimonials - GHB Online Store","isPartOf":{"@id":"https:\/\/ghbonlinestore.com\/#website"},"datePublished":"2019-04-19T05:32:48+00:00","dateModified":"2023-09-13T18:26:08+00:00","breadcrumb":{"@id":"https:\/\/ghbonlinestore.com\/testimonials\/#breadcrumb"},"inLanguage":"fr-FR","potentialAction":[{"@type":"ReadAction","target":["https:\/\/ghbonlinestore.com\/testimonials\/"]}]},{"@type":"BreadcrumbList","@id":"https:\/\/ghbonlinestore.com\/testimonials\/#breadcrumb","itemListElement":[{"@type":"ListItem","position":1,"name":"Home","item":"https:\/\/ghbonlinestore.com\/"},{"@type":"ListItem","position":2,"name":"Testimonials"}]},{"@type":"WebSite","@id":"https:\/\/ghbonlinestore.com\/#website","url":"https:\/\/ghbonlinestore.com\/","name":"GHB Online Store","description":"","publisher":{"@id":"https:\/\/ghbonlinestore.com\/#organization"},"potentialAction":[{"@type":"SearchAction","target":{"@type":"EntryPoint","urlTemplate":"https:\/\/ghbonlinestore.com\/?s={search_term_string}"},"query-input":{"@type":"PropertyValueSpecification","valueRequired":true,"valueName":"search_term_string"}}],"inLanguage":"fr-FR"},{"@type":"Organization","@id":"https:\/\/ghbonlinestore.com\/#organization","name":"GHB Online Store","url":"https:\/\/ghbonlinestore.com\/","logo":{"@type":"ImageObject","inLanguage":"fr-FR","@id":"https:\/\/ghbonlinestore.com\/#\/schema\/logo\/image\/","url":"https:\/\/ghbonlinestore.com\/wp-content\/uploads\/2023\/09\/GHB_logo1.png","contentUrl":"https:\/\/ghbonlinestore.com\/wp-content\/uploads\/2023\/09\/GHB_logo1.png","width":276,"height":60,"caption":"GHB Online Store"},"image":{"@id":"https:\/\/ghbonlinestore.com\/#\/schema\/logo\/image\/"}}]}},"_links":{"self":[{"href":"https:\/\/ghbonlinestore.com\/fr\/wp-json\/wp\/v2\/pages\/390","targetHints":{"allow":["GET"]}}],"collection":[{"href":"https:\/\/ghbonlinestore.com\/fr\/wp-json\/wp\/v2\/pages"}],"about":[{"href":"https:\/\/ghbonlinestore.com\/fr\/wp-json\/wp\/v2\/types\/page"}],"author":[{"embeddable":true,"href":"https:\/\/ghbonlinestore.com\/fr\/wp-json\/wp\/v2\/users\/1"}],"replies":[{"embeddable":true,"href":"https:\/\/ghbonlinestore.com\/fr\/wp-json\/wp\/v2\/comments?post=390"}],"version-history":[{"count":0,"href":"https:\/\/ghbonlinestore.com\/fr\/wp-json\/wp\/v2\/pages\/390\/revisions"}],"wp:attachment":[{"href":"https:\/\/ghbonlinestore.com\/fr\/wp-json\/wp\/v2\/media?parent=390"}],"curies":[{"name":"wp","href":"https:\/\/api.w.org\/{rel}","templated":true}]}}