{"id":854,"date":"2023-09-13T12:23:58","date_gmt":"2023-09-13T12:23:58","guid":{"rendered":"https:\/\/ghbonlinestore.com\/?post_type=product&#038;p=854"},"modified":"2026-04-23T19:52:25","modified_gmt":"2026-04-23T19:52:25","slug":"buy-ghb-powder-online","status":"publish","type":"product","link":"https:\/\/ghbonlinestore.com\/fr\/produit\/buy-ghb-powder-online\/","title":{"rendered":"Acheter de la poudre de GHB en ligne"},"content":{"rendered":"<h2><strong>What is GHB powder?<\/strong><\/h2>\n<p><b><i>Buy GHB Powder for sale Online, Gamma-hydroxybutyric<\/i> acid<\/b>\u00a0ou\u00a0<b>Acide \u03b3-hydroxybutyrique<\/b> (ghb powder), also known as <b>4-hydroxybutyric acid<\/b>Le GABA est un neurotransmetteur naturel et une drogue psychoactive. C'est un pr\u00e9curseur du GABA, du glutamate et de la glycine dans certaines zones du cerveau. Il agit sur le r\u00e9cepteur du GHB et est un agoniste faible des r\u00e9cepteurs GABA<sub>B<\/sub>\u00a0receptor. GHB has been used in the medical setting as a\u00a0general anesthetic\u00a0and as a treatment for\u00a0cataplexy,\u00a0narcolepsy, and\u00a0alcoholism. <sup id=\"cite_ref-5\" class=\"reference\"><\/sup><sup id=\"cite_ref-emedicineonGHB_6-0\" class=\"reference\"><\/sup>Il est \u00e9galement utilis\u00e9 ill\u00e9galement comme substance intoxicante, pour am\u00e9liorer les performances athl\u00e9tiques et comme drogue du viol, <sup id=\"cite_ref-dea-daterape_7-0\" class=\"reference\"><\/sup>and as a recreational drug<a href=\"https:\/\/en.wikipedia.org\/wiki\/Gamma-Hydroxybutyric_acid\">.<\/a><\/p>\n<p>It is commonly used in the form of a salt, such as sodium \u03b3-hydroxybutyrate (NaGHB, sodium oxybate, or Xyrem) or potassium \u03b3-hydroxybutyrate (KGHB, potassium oxybate). GHB is also produced as a result of fermentation and is found in small quantities in some beers and wines, beef and small citrus fruits, Buy GHB Powder for sale Online.<strong>\u00a0<\/strong><\/p>\n<h2><span id=\"Medical_use\" class=\"mw-headline\">Medical use of GHB powder for sale<\/span><\/h2>\n<p>GHB is used for medical purposes in the treatment of\u00a0narcolepsy<sup id=\"cite_ref-9\" class=\"reference\"><\/sup>\u00a0et, plus rarement, l'alcoolisme, <sup id=\"cite_ref-10\" class=\"reference\"><\/sup><sup id=\"cite_ref-11\" class=\"reference\"><\/sup>although there remains uncertainty about its efficacy relative to other pharmacotherapies for alcohol dependence.<sup id=\"cite_ref-12\" class=\"reference\"><\/sup> It is sometimes used off-label for the treatment of fibromyalgia. GHB powder for sale is the active ingredient of the prescription medication sodium oxybate (Xyrem). Sodium oxybate is approved by the U.S. Food and Drug Administration for the treatment of cataplexy associated with narcolepsy<sup id=\"cite_ref-15\" class=\"reference\"><\/sup>\u00a0et la somnolence diurne excessive (SDE) associ\u00e9e \u00e0 la narcolepsie.<sup id=\"cite_ref-16\" class=\"reference\"><\/sup><\/p>\n<p>GHB has been shown to reliably increase\u00a0slow-wave sleep\u00a0and decrease the tendency for REM sleep in modified multiple sleep latency tests.<sup id=\"cite_ref-20\" class=\"reference\"><\/sup><sup id=\"cite_ref-pmid2281247_17-1\" class=\"reference\"><\/sup><\/p>\n<p>The FDA-approved labeling for sodium oxybate <sup id=\"cite_ref-21\" class=\"reference\"><\/sup>suggests no evidence GHB has teratogenic, carcinogenic or hepatotoxic properties. Its favorable safety profile relative to ethanol may explain why <a href=\"https:\/\/ghbonlinestore.com\/fr\/\">GHB continues<\/a> to be investigated] as a candidate for alcohol substitution. Visit our websites if you are looking to buy GHB powder for sale online at low cost.<\/p>\n<h3><sup id=\"cite_ref-pmid34237655_22-0\" class=\"reference\"><\/sup><strong> Effects of GHB powder for sale<\/strong><\/h3>\n<p>Although many people describe the feelings caused by low doses of GHB as euphoric and high energy, even small doses can cause loss of awareness, hallucinations, amnesia, and commas. Because most of the GHB powder for sale consumed at M.S. is Illegally produced, it is not possible to know the concentration of GHB in every dose without testing it in the laboratory. Furthermore, the difference between a low dose of GHB and a potentially deadly GHB dose can be relatively small. Buy GHB Powder Online from our online store at affordable prices.<\/p>\n<p><strong>Short-term side effects of GHB\u00a0 can include:<\/strong><\/p>\n<p>Amnesia<br \/>\nSuspicacy<br \/>\nConfusion<br \/>\nFatigue<br \/>\nEuphoria.<br \/>\nHallucinations.<br \/>\nHeadache<br \/>\nLoss of consciousness<br \/>\nLower body temperature<br \/>\nNausea<br \/>\nSeizure.<br \/>\nLethargy<br \/>\nSweat<br \/>\nGag<br \/>\nThe body quickly breaks down ghb powder and is difficult to detect in urine after 24 hours.<\/p>\n<p>Some of its effects at low doses may feel similar to stimulants, but it is a central nervous system depression (SSP). Thus, overdoses usually involve respiratory depression. Often, when someone overdoses on GHB, people mistakenly believe that the person sleeps while, in fact, they lose the ability to breathe. If conditions worsens contact you doctor befre you buy GHB powder for sale for more consumption.<\/p>\n<p><strong>You Might Also Like These:<\/strong><\/p>\n<p><a href=\"https:\/\/ghbonlinestore.com\/fr\/produit\/buy-ghb-powder-online\/\">ghb for sale<\/a><\/p>\n<p><a href=\"https:\/\/ghbonlinestore.com\/de\/product-category\/ghb\/\">ghb kaufen<\/a><\/p>\n<p><a href=\"https:\/\/ghbonlinestore.com\/fr\/product-category\/ghb\/\">buy ghb online<\/a><\/p>\n<p><a href=\"https:\/\/ghbonlinestore.com\/nl\/product-categorie\/ghb\/\">ghb kopen<\/a><\/p>\n<p><a href=\"https:\/\/ghbonlinestore.com\/fr\/produit\/buy-ghb-powder-online\/\">achat ghb<\/a><\/p>","protected":false},"excerpt":{"rendered":"<p>Vous \u00eates \u00e0 la recherche d'une poudre qui peut vous apporter toute une s\u00e9rie de bienfaits pour la sant\u00e9 ? La poudre de GHB, \u00e9galement connue sous le nom de Gamma Hydroxybutyrate, est une poudre blanche inodore et incolore. Elle est utilis\u00e9e depuis des si\u00e8cles pour traiter des affections telles que l'insomnie, la d\u00e9pression, l'anxi\u00e9t\u00e9, la narcolepsie et m\u00eame l'alcoolisme.<\/p>","protected":false},"featured_media":855,"comment_status":"open","ping_status":"closed","template":"","meta":{"_joinchat":[]},"product_brand":[],"product_cat":[115],"product_tag":[36,37,38,39,40,41,42,43,44,45,46,47,48,49,50,51,52,53,54,55,56,57,58,59,60,61,62,63,64,65,66,67,68,69,70,71,72,73,74,75,76,77,78,79,80,81,82,83,84,85,86,87,88,89,90,91,92],"class_list":{"0":"post-854","1":"product","2":"type-product","3":"status-publish","4":"has-post-thumbnail","6":"product_cat-ghb","7":"product_tag-buy-ghb","8":"product_tag-define-ghb","9":"product_tag-gbl-vs-ghb","10":"product_tag-ghb-addiction","11":"product_tag-ghb-and-adderall","12":"product_tag-ghb-and-alcohol","13":"product_tag-ghb-and-lsd","14":"product_tag-ghb-bodybuilding","15":"product_tag-ghb-club","16":"product_tag-ghb-cost","17":"product_tag-ghb-date-drug","18":"product_tag-ghb-date-rape","19":"product_tag-ghb-definition","20":"product_tag-ghb-drug-abuse","21":"product_tag-ghb-drug-category","22":"product_tag-ghb-drug-effects","23":"product_tag-ghb-drug-test-hair","24":"product_tag-ghb-drugs","25":"product_tag-ghb-effects-on-liver","26":"product_tag-ghb-effects-on-the-body","27":"product_tag-ghb-for-sale-uk","28":"product_tag-ghb-for-sleep","29":"product_tag-ghb-formula","30":"product_tag-ghb-gamma-hydroxybutyric-acid","31":"product_tag-ghb-gnc","32":"product_tag-ghb-information","33":"product_tag-ghb-ingredients","34":"product_tag-ghb-insurance","35":"product_tag-ghb-legal","36":"product_tag-ghb-long-term-effects","37":"product_tag-ghb-meaning","38":"product_tag-ghb-muscle","39":"product_tag-ghb-muscle-building","40":"product_tag-ghb-narcolepsy","41":"product_tag-ghb-online","42":"product_tag-ghb-online-india","43":"product_tag-ghb-overdose-antidote","44":"product_tag-ghb-pill","45":"product_tag-ghb-powder-for-sale","46":"product_tag-ghb-price","47":"product_tag-ghb-reddit","48":"product_tag-ghb-risks","49":"product_tag-ghb-sex","50":"product_tag-ghb-street-names","51":"product_tag-ghb-symptoms","52":"product_tag-ghb-synthesis","53":"product_tag-ghb-test","54":"product_tag-ghb-urban-dictionary","55":"product_tag-how-is-ghb-made","56":"product_tag-how-long-does-ghb-last","57":"product_tag-how-long-does-ghb-stay-in-your-system","58":"product_tag-how-to-get-ghb","59":"product_tag-short-term-effects-of-ghb","60":"product_tag-what-does-ghb-do","61":"product_tag-what-does-ghb-feel-like","62":"product_tag-what-does-ghb-look-like","63":"product_tag-what-does-ghb-stand-for","65":"first","66":"instock","67":"shipping-taxable","68":"purchasable","69":"product-type-variable"},"yoast_head":"<!-- This site is optimized with the Yoast SEO plugin v27.2 - https:\/\/yoast.com\/product\/yoast-seo-wordpress\/ -->\n<title>Buy GHB Powder Online | GHB Powder for Sale<\/title>\n<meta name=\"description\" content=\"Are you looking to buy GHB powder that can provide you with a range of health benefits? GHB Powder for sale is an odorless and colorless white powder.\" \/>\n<meta name=\"robots\" content=\"index, follow, max-snippet:-1, max-image-preview:large, max-video-preview:-1\" \/>\n<link rel=\"canonical\" href=\"https:\/\/ghbonlinestore.com\/fr\/produit\/buy-ghb-powder-online\/\" \/>\n<meta property=\"og:locale\" content=\"fr_FR\" \/>\n<meta property=\"og:type\" content=\"article\" \/>\n<meta property=\"og:title\" content=\"Buy GHB Powder Online | GHB Powder for Sale\" \/>\n<meta property=\"og:description\" content=\"Are you looking to buy GHB powder that can provide you with a range of health benefits? GHB Powder for sale is an odorless and colorless white powder.\" \/>\n<meta property=\"og:url\" content=\"https:\/\/ghbonlinestore.com\/fr\/produit\/buy-ghb-powder-online\/\" \/>\n<meta property=\"og:site_name\" content=\"GHB Online Store\" \/>\n<meta property=\"article:modified_time\" content=\"2026-04-23T19:52:25+00:00\" \/>\n<meta property=\"og:image\" content=\"https:\/\/ghbonlinestore.com\/wp-content\/uploads\/2023\/09\/Buy-GHB-Powder.png\" \/>\n\t<meta property=\"og:image:width\" content=\"1200\" \/>\n\t<meta property=\"og:image:height\" content=\"800\" \/>\n\t<meta property=\"og:image:type\" content=\"image\/png\" \/>\n<meta name=\"twitter:card\" content=\"summary_large_image\" \/>\n<meta name=\"twitter:label1\" content=\"Dur\u00e9e de lecture estim\u00e9e\" \/>\n\t<meta name=\"twitter:data1\" content=\"3 minutes\" \/>\n<script type=\"application\/ld+json\" class=\"yoast-schema-graph\">{\"@context\":\"https:\/\/schema.org\",\"@graph\":[{\"@type\":\"WebPage\",\"@id\":\"https:\/\/ghbonlinestore.com\/product\/buy-ghb-powder-online\/\",\"url\":\"https:\/\/ghbonlinestore.com\/product\/buy-ghb-powder-online\/\",\"name\":\"Buy GHB Powder Online | GHB Powder for Sale\",\"isPartOf\":{\"@id\":\"https:\/\/ghbonlinestore.com\/#website\"},\"primaryImageOfPage\":{\"@id\":\"https:\/\/ghbonlinestore.com\/product\/buy-ghb-powder-online\/#primaryimage\"},\"image\":{\"@id\":\"https:\/\/ghbonlinestore.com\/product\/buy-ghb-powder-online\/#primaryimage\"},\"thumbnailUrl\":\"https:\/\/ghbonlinestore.com\/wp-content\/uploads\/2023\/09\/Buy-GHB-Powder.png\",\"datePublished\":\"2023-09-13T12:23:58+00:00\",\"dateModified\":\"2026-04-23T19:52:25+00:00\",\"description\":\"Are you looking to buy GHB powder that can provide you with a range of health benefits? GHB Powder for sale is an odorless and colorless white powder.\",\"breadcrumb\":{\"@id\":\"https:\/\/ghbonlinestore.com\/product\/buy-ghb-powder-online\/#breadcrumb\"},\"inLanguage\":\"fr-FR\",\"potentialAction\":[{\"@type\":\"ReadAction\",\"target\":[\"https:\/\/ghbonlinestore.com\/product\/buy-ghb-powder-online\/\"]}]},{\"@type\":\"ImageObject\",\"inLanguage\":\"fr-FR\",\"@id\":\"https:\/\/ghbonlinestore.com\/product\/buy-ghb-powder-online\/#primaryimage\",\"url\":\"https:\/\/ghbonlinestore.com\/wp-content\/uploads\/2023\/09\/Buy-GHB-Powder.png\",\"contentUrl\":\"https:\/\/ghbonlinestore.com\/wp-content\/uploads\/2023\/09\/Buy-GHB-Powder.png\",\"width\":1200,\"height\":800,\"caption\":\"Buy GHB Powder Online\"},{\"@type\":\"BreadcrumbList\",\"@id\":\"https:\/\/ghbonlinestore.com\/product\/buy-ghb-powder-online\/#breadcrumb\",\"itemListElement\":[{\"@type\":\"ListItem\",\"position\":1,\"name\":\"Home\",\"item\":\"https:\/\/ghbonlinestore.com\/\"},{\"@type\":\"ListItem\",\"position\":2,\"name\":\"Shop\",\"item\":\"https:\/\/ghbonlinestore.com\/shop\/\"},{\"@type\":\"ListItem\",\"position\":3,\"name\":\"Buy GHB Powder Online\"}]},{\"@type\":\"WebSite\",\"@id\":\"https:\/\/ghbonlinestore.com\/#website\",\"url\":\"https:\/\/ghbonlinestore.com\/\",\"name\":\"GHB Online Store\",\"description\":\"\",\"publisher\":{\"@id\":\"https:\/\/ghbonlinestore.com\/#organization\"},\"potentialAction\":[{\"@type\":\"SearchAction\",\"target\":{\"@type\":\"EntryPoint\",\"urlTemplate\":\"https:\/\/ghbonlinestore.com\/?s={search_term_string}\"},\"query-input\":{\"@type\":\"PropertyValueSpecification\",\"valueRequired\":true,\"valueName\":\"search_term_string\"}}],\"inLanguage\":\"fr-FR\"},{\"@type\":\"Organization\",\"@id\":\"https:\/\/ghbonlinestore.com\/#organization\",\"name\":\"GHB Online Store\",\"url\":\"https:\/\/ghbonlinestore.com\/\",\"logo\":{\"@type\":\"ImageObject\",\"inLanguage\":\"fr-FR\",\"@id\":\"https:\/\/ghbonlinestore.com\/#\/schema\/logo\/image\/\",\"url\":\"https:\/\/ghbonlinestore.com\/wp-content\/uploads\/2023\/09\/GHB_logo1.png\",\"contentUrl\":\"https:\/\/ghbonlinestore.com\/wp-content\/uploads\/2023\/09\/GHB_logo1.png\",\"width\":276,\"height\":60,\"caption\":\"GHB Online Store\"},\"image\":{\"@id\":\"https:\/\/ghbonlinestore.com\/#\/schema\/logo\/image\/\"}}]}<\/script>\n<!-- \/ Yoast SEO plugin. -->","yoast_head_json":{"title":"Buy GHB Powder Online | GHB Powder for Sale","description":"Are you looking to buy GHB powder that can provide you with a range of health benefits? GHB Powder for sale is an odorless and colorless white powder.","robots":{"index":"index","follow":"follow","max-snippet":"max-snippet:-1","max-image-preview":"max-image-preview:large","max-video-preview":"max-video-preview:-1"},"canonical":"https:\/\/ghbonlinestore.com\/fr\/produit\/buy-ghb-powder-online\/","og_locale":"fr_FR","og_type":"article","og_title":"Buy GHB Powder Online | GHB Powder for Sale","og_description":"Are you looking to buy GHB powder that can provide you with a range of health benefits? GHB Powder for sale is an odorless and colorless white powder.","og_url":"https:\/\/ghbonlinestore.com\/fr\/produit\/buy-ghb-powder-online\/","og_site_name":"GHB Online Store","article_modified_time":"2026-04-23T19:52:25+00:00","og_image":[{"width":1200,"height":800,"url":"https:\/\/ghbonlinestore.com\/wp-content\/uploads\/2023\/09\/Buy-GHB-Powder.png","type":"image\/png"}],"twitter_card":"summary_large_image","twitter_misc":{"Dur\u00e9e de lecture estim\u00e9e":"3 minutes"},"schema":{"@context":"https:\/\/schema.org","@graph":[{"@type":"WebPage","@id":"https:\/\/ghbonlinestore.com\/product\/buy-ghb-powder-online\/","url":"https:\/\/ghbonlinestore.com\/product\/buy-ghb-powder-online\/","name":"Buy GHB Powder Online | GHB Powder for Sale","isPartOf":{"@id":"https:\/\/ghbonlinestore.com\/#website"},"primaryImageOfPage":{"@id":"https:\/\/ghbonlinestore.com\/product\/buy-ghb-powder-online\/#primaryimage"},"image":{"@id":"https:\/\/ghbonlinestore.com\/product\/buy-ghb-powder-online\/#primaryimage"},"thumbnailUrl":"https:\/\/ghbonlinestore.com\/wp-content\/uploads\/2023\/09\/Buy-GHB-Powder.png","datePublished":"2023-09-13T12:23:58+00:00","dateModified":"2026-04-23T19:52:25+00:00","description":"Are you looking to buy GHB powder that can provide you with a range of health benefits? GHB Powder for sale is an odorless and colorless white powder.","breadcrumb":{"@id":"https:\/\/ghbonlinestore.com\/product\/buy-ghb-powder-online\/#breadcrumb"},"inLanguage":"fr-FR","potentialAction":[{"@type":"ReadAction","target":["https:\/\/ghbonlinestore.com\/product\/buy-ghb-powder-online\/"]}]},{"@type":"ImageObject","inLanguage":"fr-FR","@id":"https:\/\/ghbonlinestore.com\/product\/buy-ghb-powder-online\/#primaryimage","url":"https:\/\/ghbonlinestore.com\/wp-content\/uploads\/2023\/09\/Buy-GHB-Powder.png","contentUrl":"https:\/\/ghbonlinestore.com\/wp-content\/uploads\/2023\/09\/Buy-GHB-Powder.png","width":1200,"height":800,"caption":"Buy GHB Powder Online"},{"@type":"BreadcrumbList","@id":"https:\/\/ghbonlinestore.com\/product\/buy-ghb-powder-online\/#breadcrumb","itemListElement":[{"@type":"ListItem","position":1,"name":"Home","item":"https:\/\/ghbonlinestore.com\/"},{"@type":"ListItem","position":2,"name":"Shop","item":"https:\/\/ghbonlinestore.com\/shop\/"},{"@type":"ListItem","position":3,"name":"Buy GHB Powder Online"}]},{"@type":"WebSite","@id":"https:\/\/ghbonlinestore.com\/#website","url":"https:\/\/ghbonlinestore.com\/","name":"GHB Online Store","description":"","publisher":{"@id":"https:\/\/ghbonlinestore.com\/#organization"},"potentialAction":[{"@type":"SearchAction","target":{"@type":"EntryPoint","urlTemplate":"https:\/\/ghbonlinestore.com\/?s={search_term_string}"},"query-input":{"@type":"PropertyValueSpecification","valueRequired":true,"valueName":"search_term_string"}}],"inLanguage":"fr-FR"},{"@type":"Organization","@id":"https:\/\/ghbonlinestore.com\/#organization","name":"GHB Online Store","url":"https:\/\/ghbonlinestore.com\/","logo":{"@type":"ImageObject","inLanguage":"fr-FR","@id":"https:\/\/ghbonlinestore.com\/#\/schema\/logo\/image\/","url":"https:\/\/ghbonlinestore.com\/wp-content\/uploads\/2023\/09\/GHB_logo1.png","contentUrl":"https:\/\/ghbonlinestore.com\/wp-content\/uploads\/2023\/09\/GHB_logo1.png","width":276,"height":60,"caption":"GHB Online Store"},"image":{"@id":"https:\/\/ghbonlinestore.com\/#\/schema\/logo\/image\/"}}]}},"_links":{"self":[{"href":"https:\/\/ghbonlinestore.com\/fr\/wp-json\/wp\/v2\/product\/854","targetHints":{"allow":["GET"]}}],"collection":[{"href":"https:\/\/ghbonlinestore.com\/fr\/wp-json\/wp\/v2\/product"}],"about":[{"href":"https:\/\/ghbonlinestore.com\/fr\/wp-json\/wp\/v2\/types\/product"}],"replies":[{"embeddable":true,"href":"https:\/\/ghbonlinestore.com\/fr\/wp-json\/wp\/v2\/comments?post=854"}],"wp:featuredmedia":[{"embeddable":true,"href":"https:\/\/ghbonlinestore.com\/fr\/wp-json\/wp\/v2\/media\/855"}],"wp:attachment":[{"href":"https:\/\/ghbonlinestore.com\/fr\/wp-json\/wp\/v2\/media?parent=854"}],"wp:term":[{"taxonomy":"product_brand","embeddable":true,"href":"https:\/\/ghbonlinestore.com\/fr\/wp-json\/wp\/v2\/product_brand?post=854"},{"taxonomy":"product_cat","embeddable":true,"href":"https:\/\/ghbonlinestore.com\/fr\/wp-json\/wp\/v2\/product_cat?post=854"},{"taxonomy":"product_tag","embeddable":true,"href":"https:\/\/ghbonlinestore.com\/fr\/wp-json\/wp\/v2\/product_tag?post=854"}],"curies":[{"name":"wp","href":"https:\/\/api.w.org\/{rel}","templated":true}]}}