{"id":199,"date":"2018-02-28T07:02:35","date_gmt":"2018-02-28T07:02:35","guid":{"rendered":"http:\/\/offshorethemes.com\/demo\/sparkconstruction\/?page_id=199"},"modified":"2024-03-03T08:36:04","modified_gmt":"2024-03-03T08:36:04","slug":"about-us","status":"publish","type":"page","link":"https:\/\/ghbonlinestore.com\/sv\/about-us\/","title":{"rendered":"About Us"},"content":{"rendered":"<section class=\"wpb-content-wrapper\"><div class=\"vc_row wpb_row vc_row-fluid vc_custom_1694629827634\"><div class=\"wpb_column vc_column_container vc_col-sm-12\"><div class=\"vc_column-inner\"><div class=\"wpb_wrapper\">\n\t<div class=\"wpb_text_column wpb_content_element\" >\n\t\t<div class=\"wpb_wrapper\">\n\t\t\t<div class=\"entry-content\">\n<div class=\"entry-content\">\n<p>Vi \u00e4r #1 Pharmaceutical Grade och juridiska h\u00f6jder s\u00e4ljare p\u00e5 webben.<\/p>\n<p>Our main focus is on providing a wholesale service in which <a href=\"https:\/\/ghbonlinestore.com\/sv\/\">we produce and supply GHB<\/a>.<\/p>\n<p>V\u00e5r Shop har inte f\u00f6r avsikt att fr\u00e4mja eller uppmana till anv\u00e4ndning av olagliga eller kontrollerade \u00e4mnen. Vi p\u00e5pekar uttryckligen att vi inte kan h\u00e5llas ansvariga f\u00f6r framtida handlingar av dem som k\u00f6per produkter fr\u00e5n denna webbplats.<\/p>\n<p>V\u00e5rt uppdrag \u00e4r att erbjuda det mest omfattande urvalet av premiumforskningskemikalier och salter och v\u00e5r enast\u00e5ende kundservice. Vi tror starkt p\u00e5 att n\u00f6jda kunder \u00e4r avg\u00f6rande f\u00f6r v\u00e5rt f\u00f6retags framg\u00e5ng, och d\u00e4rf\u00f6r g\u00f6r vi allt vi kan f\u00f6r att hj\u00e4lpa v\u00e5ra kunder p\u00e5 alla m\u00f6jliga s\u00e4tt. Vi str\u00e4var hela tiden efter att vara branschledande inom innovation och att st\u00e4ndigt vara \u00f6ppna f\u00f6r nya id\u00e9er och nya s\u00e4tt att n\u00e4rma oss aff\u00e4rer, samtidigt som vi h\u00e5ller i minnet de grundl\u00e4ggande v\u00e4rderingar som vi \u00e4r byggda p\u00e5.<\/p>\n<p>Vi tror p\u00e5 att vara en <strong>\u00e4rlig<\/strong> och <strong>r\u00e4ttvis<\/strong> och g\u00f6r allt f\u00f6r att visa detta i v\u00e5ra handlingar genom att v\u00e4lja etiskt ansvarsfulla kunder och partners och utbilda dem om varje aspekt av v\u00e5ra produktlinjer.<\/p>\n<p><strong>Vi levererar fr\u00e4mst till kemientusiaster, kemistudenter, frilansande forskare och en rad USA- och EU-baserade utbildningsinstitutioner.  Alla v\u00e5ra produkter \u00e4r endast avsedda f\u00f6r laboratoriebruk och \u00e4r inte godk\u00e4nda f\u00f6r humankonsumtion.<\/strong><\/p>\n<p>F\u00f6r eventuella fr\u00e5gor eller f\u00f6rfr\u00e5gningar kan du <a href=\"https:\/\/ghbonlinestore.com\/sv\/contact\/\">Kontakta oss<\/a> direkt.<\/p>\n<\/div>\n<\/div>\n\n\t\t<\/div>\n\t<\/div>\n<\/div><\/div><\/div><\/div>\n<\/section>","protected":false},"excerpt":{"rendered":"We are #1 Pharmaceutical Grade and legal highs vendor on the web. Our main focus is on providing a wholesale service in which we produce&hellip;","protected":false},"author":1,"featured_media":855,"parent":0,"menu_order":0,"comment_status":"closed","ping_status":"closed","template":"template-pagebuilder.php","meta":{"_joinchat":[],"footnotes":""},"class_list":["post-199","page","type-page","status-publish","has-post-thumbnail","hentry"],"yoast_head":"<!-- This site is optimized with the Yoast SEO plugin v27.2 - https:\/\/yoast.com\/product\/yoast-seo-wordpress\/ -->\n<title>About Us - GHB Online Store<\/title>\n<meta name=\"description\" content=\"About us - Our main focus is on providing a wholesale service in which we produce and supply GHB. Contact us now.\" \/>\n<meta name=\"robots\" content=\"index, follow, max-snippet:-1, max-image-preview:large, max-video-preview:-1\" \/>\n<link rel=\"canonical\" href=\"https:\/\/ghbonlinestore.com\/sv\/about-us\/\" \/>\n<meta property=\"og:locale\" content=\"sv_SE\" \/>\n<meta property=\"og:type\" content=\"article\" \/>\n<meta property=\"og:title\" content=\"About Us - GHB Online Store\" \/>\n<meta property=\"og:description\" content=\"About us - Our main focus is on providing a wholesale service in which we produce and supply GHB. Contact us now.\" \/>\n<meta property=\"og:url\" content=\"https:\/\/ghbonlinestore.com\/sv\/about-us\/\" \/>\n<meta property=\"og:site_name\" content=\"GHB Online Store\" \/>\n<meta property=\"article:modified_time\" content=\"2024-03-03T08:36:04+00:00\" \/>\n<meta property=\"og:image\" content=\"https:\/\/ghbonlinestore.com\/wp-content\/uploads\/2023\/09\/Buy-GHB-Powder.png\" \/>\n\t<meta property=\"og:image:width\" content=\"1200\" \/>\n\t<meta property=\"og:image:height\" content=\"800\" \/>\n\t<meta property=\"og:image:type\" content=\"image\/png\" \/>\n<meta name=\"twitter:card\" content=\"summary_large_image\" \/>\n<meta name=\"twitter:label1\" content=\"Ber\u00e4knad l\u00e4stid\" \/>\n\t<meta name=\"twitter:data1\" content=\"2 minuter\" \/>\n<script type=\"application\/ld+json\" class=\"yoast-schema-graph\">{\"@context\":\"https:\/\/schema.org\",\"@graph\":[{\"@type\":\"WebPage\",\"@id\":\"https:\/\/ghbonlinestore.com\/about-us\/\",\"url\":\"https:\/\/ghbonlinestore.com\/about-us\/\",\"name\":\"About Us - GHB Online Store\",\"isPartOf\":{\"@id\":\"https:\/\/ghbonlinestore.com\/#website\"},\"primaryImageOfPage\":{\"@id\":\"https:\/\/ghbonlinestore.com\/about-us\/#primaryimage\"},\"image\":{\"@id\":\"https:\/\/ghbonlinestore.com\/about-us\/#primaryimage\"},\"thumbnailUrl\":\"https:\/\/ghbonlinestore.com\/wp-content\/uploads\/2023\/09\/Buy-GHB-Powder.png\",\"datePublished\":\"2018-02-28T07:02:35+00:00\",\"dateModified\":\"2024-03-03T08:36:04+00:00\",\"description\":\"About us - Our main focus is on providing a wholesale service in which we produce and supply GHB. Contact us now.\",\"breadcrumb\":{\"@id\":\"https:\/\/ghbonlinestore.com\/about-us\/#breadcrumb\"},\"inLanguage\":\"sv-SE\",\"potentialAction\":[{\"@type\":\"ReadAction\",\"target\":[\"https:\/\/ghbonlinestore.com\/about-us\/\"]}]},{\"@type\":\"ImageObject\",\"inLanguage\":\"sv-SE\",\"@id\":\"https:\/\/ghbonlinestore.com\/about-us\/#primaryimage\",\"url\":\"https:\/\/ghbonlinestore.com\/wp-content\/uploads\/2023\/09\/Buy-GHB-Powder.png\",\"contentUrl\":\"https:\/\/ghbonlinestore.com\/wp-content\/uploads\/2023\/09\/Buy-GHB-Powder.png\",\"width\":1200,\"height\":800,\"caption\":\"Buy GHB Powder Online\"},{\"@type\":\"BreadcrumbList\",\"@id\":\"https:\/\/ghbonlinestore.com\/about-us\/#breadcrumb\",\"itemListElement\":[{\"@type\":\"ListItem\",\"position\":1,\"name\":\"Home\",\"item\":\"https:\/\/ghbonlinestore.com\/\"},{\"@type\":\"ListItem\",\"position\":2,\"name\":\"About Us\"}]},{\"@type\":\"WebSite\",\"@id\":\"https:\/\/ghbonlinestore.com\/#website\",\"url\":\"https:\/\/ghbonlinestore.com\/\",\"name\":\"GHB Online Store\",\"description\":\"\",\"publisher\":{\"@id\":\"https:\/\/ghbonlinestore.com\/#organization\"},\"potentialAction\":[{\"@type\":\"SearchAction\",\"target\":{\"@type\":\"EntryPoint\",\"urlTemplate\":\"https:\/\/ghbonlinestore.com\/?s={search_term_string}\"},\"query-input\":{\"@type\":\"PropertyValueSpecification\",\"valueRequired\":true,\"valueName\":\"search_term_string\"}}],\"inLanguage\":\"sv-SE\"},{\"@type\":\"Organization\",\"@id\":\"https:\/\/ghbonlinestore.com\/#organization\",\"name\":\"GHB Online Store\",\"url\":\"https:\/\/ghbonlinestore.com\/\",\"logo\":{\"@type\":\"ImageObject\",\"inLanguage\":\"sv-SE\",\"@id\":\"https:\/\/ghbonlinestore.com\/#\/schema\/logo\/image\/\",\"url\":\"https:\/\/ghbonlinestore.com\/wp-content\/uploads\/2023\/09\/GHB_logo1.png\",\"contentUrl\":\"https:\/\/ghbonlinestore.com\/wp-content\/uploads\/2023\/09\/GHB_logo1.png\",\"width\":276,\"height\":60,\"caption\":\"GHB Online Store\"},\"image\":{\"@id\":\"https:\/\/ghbonlinestore.com\/#\/schema\/logo\/image\/\"}}]}<\/script>\n<!-- \/ Yoast SEO plugin. -->","yoast_head_json":{"title":"About Us - GHB Online Store","description":"About us - Our main focus is on providing a wholesale service in which we produce and supply GHB. Contact us now.","robots":{"index":"index","follow":"follow","max-snippet":"max-snippet:-1","max-image-preview":"max-image-preview:large","max-video-preview":"max-video-preview:-1"},"canonical":"https:\/\/ghbonlinestore.com\/sv\/about-us\/","og_locale":"sv_SE","og_type":"article","og_title":"About Us - GHB Online Store","og_description":"About us - Our main focus is on providing a wholesale service in which we produce and supply GHB. Contact us now.","og_url":"https:\/\/ghbonlinestore.com\/sv\/about-us\/","og_site_name":"GHB Online Store","article_modified_time":"2024-03-03T08:36:04+00:00","og_image":[{"width":1200,"height":800,"url":"https:\/\/ghbonlinestore.com\/wp-content\/uploads\/2023\/09\/Buy-GHB-Powder.png","type":"image\/png"}],"twitter_card":"summary_large_image","twitter_misc":{"Ber\u00e4knad l\u00e4stid":"2 minuter"},"schema":{"@context":"https:\/\/schema.org","@graph":[{"@type":"WebPage","@id":"https:\/\/ghbonlinestore.com\/about-us\/","url":"https:\/\/ghbonlinestore.com\/about-us\/","name":"About Us - GHB Online Store","isPartOf":{"@id":"https:\/\/ghbonlinestore.com\/#website"},"primaryImageOfPage":{"@id":"https:\/\/ghbonlinestore.com\/about-us\/#primaryimage"},"image":{"@id":"https:\/\/ghbonlinestore.com\/about-us\/#primaryimage"},"thumbnailUrl":"https:\/\/ghbonlinestore.com\/wp-content\/uploads\/2023\/09\/Buy-GHB-Powder.png","datePublished":"2018-02-28T07:02:35+00:00","dateModified":"2024-03-03T08:36:04+00:00","description":"About us - Our main focus is on providing a wholesale service in which we produce and supply GHB. Contact us now.","breadcrumb":{"@id":"https:\/\/ghbonlinestore.com\/about-us\/#breadcrumb"},"inLanguage":"sv-SE","potentialAction":[{"@type":"ReadAction","target":["https:\/\/ghbonlinestore.com\/about-us\/"]}]},{"@type":"ImageObject","inLanguage":"sv-SE","@id":"https:\/\/ghbonlinestore.com\/about-us\/#primaryimage","url":"https:\/\/ghbonlinestore.com\/wp-content\/uploads\/2023\/09\/Buy-GHB-Powder.png","contentUrl":"https:\/\/ghbonlinestore.com\/wp-content\/uploads\/2023\/09\/Buy-GHB-Powder.png","width":1200,"height":800,"caption":"Buy GHB Powder Online"},{"@type":"BreadcrumbList","@id":"https:\/\/ghbonlinestore.com\/about-us\/#breadcrumb","itemListElement":[{"@type":"ListItem","position":1,"name":"Home","item":"https:\/\/ghbonlinestore.com\/"},{"@type":"ListItem","position":2,"name":"About Us"}]},{"@type":"WebSite","@id":"https:\/\/ghbonlinestore.com\/#website","url":"https:\/\/ghbonlinestore.com\/","name":"GHB Online Store","description":"","publisher":{"@id":"https:\/\/ghbonlinestore.com\/#organization"},"potentialAction":[{"@type":"SearchAction","target":{"@type":"EntryPoint","urlTemplate":"https:\/\/ghbonlinestore.com\/?s={search_term_string}"},"query-input":{"@type":"PropertyValueSpecification","valueRequired":true,"valueName":"search_term_string"}}],"inLanguage":"sv-SE"},{"@type":"Organization","@id":"https:\/\/ghbonlinestore.com\/#organization","name":"GHB Online Store","url":"https:\/\/ghbonlinestore.com\/","logo":{"@type":"ImageObject","inLanguage":"sv-SE","@id":"https:\/\/ghbonlinestore.com\/#\/schema\/logo\/image\/","url":"https:\/\/ghbonlinestore.com\/wp-content\/uploads\/2023\/09\/GHB_logo1.png","contentUrl":"https:\/\/ghbonlinestore.com\/wp-content\/uploads\/2023\/09\/GHB_logo1.png","width":276,"height":60,"caption":"GHB Online Store"},"image":{"@id":"https:\/\/ghbonlinestore.com\/#\/schema\/logo\/image\/"}}]}},"_links":{"self":[{"href":"https:\/\/ghbonlinestore.com\/sv\/wp-json\/wp\/v2\/pages\/199","targetHints":{"allow":["GET"]}}],"collection":[{"href":"https:\/\/ghbonlinestore.com\/sv\/wp-json\/wp\/v2\/pages"}],"about":[{"href":"https:\/\/ghbonlinestore.com\/sv\/wp-json\/wp\/v2\/types\/page"}],"author":[{"embeddable":true,"href":"https:\/\/ghbonlinestore.com\/sv\/wp-json\/wp\/v2\/users\/1"}],"replies":[{"embeddable":true,"href":"https:\/\/ghbonlinestore.com\/sv\/wp-json\/wp\/v2\/comments?post=199"}],"version-history":[{"count":0,"href":"https:\/\/ghbonlinestore.com\/sv\/wp-json\/wp\/v2\/pages\/199\/revisions"}],"wp:featuredmedia":[{"embeddable":true,"href":"https:\/\/ghbonlinestore.com\/sv\/wp-json\/wp\/v2\/media\/855"}],"wp:attachment":[{"href":"https:\/\/ghbonlinestore.com\/sv\/wp-json\/wp\/v2\/media?parent=199"}],"curies":[{"name":"wp","href":"https:\/\/api.w.org\/{rel}","templated":true}]}}